{"id":20910,"date":"2024-10-12T09:35:30","date_gmt":"2024-10-12T09:35:30","guid":{"rendered":"https:\/\/wolkevier.ch\/mentions-legales\/"},"modified":"2024-11-07T14:42:58","modified_gmt":"2024-11-07T14:42:58","slug":"mentions-legales","status":"publish","type":"page","link":"https:\/\/wolkevier.ch\/fr\/mentions-legales\/","title":{"rendered":"Mentions l\u00e9gales"},"content":{"rendered":"\t\t<div data-elementor-type=\"wp-page\" data-elementor-id=\"20910\" class=\"elementor elementor-20910\" data-elementor-post-type=\"page\">\n\t\t\t\t<div class=\"wd-negative-gap elementor-element elementor-element-86b0ac2 wd-section-stretch bgsizeclassgoeshere e-flex e-con-boxed e-con e-parent\" data-id=\"86b0ac2\" data-element_type=\"container\" data-e-type=\"container\" data-settings=\"{&quot;background_background&quot;:&quot;classic&quot;}\">\n\t\t\t\t\t<div class=\"e-con-inner\">\n\t\t<div class=\"elementor-element elementor-element-e334d76 e-con-full e-flex e-con e-child\" data-id=\"e334d76\" data-element_type=\"container\" data-e-type=\"container\">\n\t\t\t\t<div class=\"elementor-element elementor-element-78e5cda wd-width-100 elementor-widget elementor-widget-wd_title\" data-id=\"78e5cda\" data-element_type=\"widget\" data-e-type=\"widget\" data-widget_type=\"wd_title.default\">\n\t\t\t\t<div class=\"elementor-widget-container\">\n\t\t\t\t\t\t\t\t<link rel=\"stylesheet\" id=\"wd-section-title-css\" href=\"https:\/\/wolkevier.ch\/wp-content\/themes\/woodmart\/css\/parts\/el-section-title.min.css?ver=7.6.0\" type=\"text\/css\" media=\"all\" \/> \t\t\t\t\t<div class=\"title-wrapper set-mb-s reset-last-child wd-title-color-default wd-title-style-default wd-title-size-default text-left\">\n\n\t\t\t\n\t\t\t<div class=\"liner-continer\">\n\t\t\t\t<h4 class=\"woodmart-title-container title wd-fontsize-l\">Mentions l\u00e9gales<\/h4> \n\t\t\t\t\t\t\t<\/div>\n\n\t\t\t\t\t\t\t<div class=\"title-after_title set-cont-mb-s reset-last-child wd-fontsize-xs\">\n\t\t\t\t\t<h4>Adresse de contact<\/h4><p>wolke 4 ag<br>kreuzgasse 4<br>3294 B\u00fcren an der Aare<br>Suisse<\/p><p><b>E-mail :<\/b> booking@wolkevier.ch<br><b>Personne(s) autoris\u00e9e(s) \u00e0 repr\u00e9senter l'entreprise :<\/b> Marco Poffet<br><b>Num\u00e9ro de TVA :<\/b> CHE-162.103.827<\/p><h4>Clause de non-responsabilit\u00e9<\/h4><p>L'auteur n'assume aucune responsabilit\u00e9 quant \u00e0 la v\u00e9racit\u00e9, l'exactitude, l'actualit\u00e9, la fiabilit\u00e9 et l'exhaustivit\u00e9 du contenu des informations.<\/p><p>L'auteur ne saurait \u00eatre tenu pour responsable des dommages mat\u00e9riels ou immat\u00e9riels qui pourraient \u00eatre caus\u00e9s par l'acc\u00e8s aux informations diffus\u00e9es ou par leur utilisation ou non-utilisation, par le mauvais usage de la connexion ou par des probl\u00e8mes techniques.<\/p><p>Toutes les offres sont sans engagement. L'auteur se r\u00e9serve express\u00e9ment le droit de modifier, de compl\u00e9ter ou de supprimer des parties de pages ou l'ensemble de l'offre sans pr\u00e9avis particulier, ou d'en suspendre temporairement ou d\u00e9finitivement la publication. <\/p><h4>Clause de non-responsabilit\u00e9 pour les liens<\/h4><p>Les renvois et liens vers des sites web de tiers ne rel\u00e8vent pas de notre responsabilit\u00e9. Nous d\u00e9clinons toute responsabilit\u00e9 pour de tels sites web. L'acc\u00e8s \u00e0 ces sites et leur utilisation se font aux risques et p\u00e9rils de l'utilisateur.  <\/p><h4>Droits d'auteur<\/h4><p>Les droits d'auteur et tous les autres droits li\u00e9s aux contenus, images, photos ou autres fichiers pr\u00e9sents sur ce site Internet appartiennent exclusivement <b>\u00e0 la soci\u00e9t\u00e9 wolke 4 ag<\/b> ou aux titulaires de droits sp\u00e9cialement cit\u00e9s. L'autorisation \u00e9crite du d\u00e9tenteur des droits d'auteur doit \u00eatre obtenue au pr\u00e9alable pour la reproduction de tout \u00e9l\u00e9ment. <\/p><p>Source : <a href=\"https:\/\/www.swissanwalt.ch\/\" target=\"_blank\" rel=\"noreferrer noopener\">SwissAnwalt<\/a><\/p>\t\t\t\t<\/div>\n\t\t\t\t\t<\/div>\n\t\t\t\t\t\t<\/div>\n\t\t\t\t<\/div>\n\t\t\t\t<\/div>\n\t\t\t\t\t<\/div>\n\t\t\t\t<\/div>\n\t\t\t\t<\/div>\n\t\t","protected":false},"excerpt":{"rendered":"<p>Mentions l\u00e9gales Adresse de contact wolke 4 agkreuzgasse 43294 B\u00fcren an der AareSuisse E-mail : booking@wolkevier.chPersonne(s) autoris\u00e9e(s) \u00e0 repr\u00e9senter l&rsquo;entreprise<\/p>\n","protected":false},"author":1,"featured_media":0,"parent":0,"menu_order":0,"comment_status":"closed","ping_status":"closed","template":"","meta":{"_acf_changed":false,"footnotes":""},"class_list":["post-20910","page","type-page","status-publish","hentry"],"acf":[],"_links":{"self":[{"href":"https:\/\/wolkevier.ch\/fr\/wp-json\/wp\/v2\/pages\/20910","targetHints":{"allow":["GET"]}}],"collection":[{"href":"https:\/\/wolkevier.ch\/fr\/wp-json\/wp\/v2\/pages"}],"about":[{"href":"https:\/\/wolkevier.ch\/fr\/wp-json\/wp\/v2\/types\/page"}],"author":[{"embeddable":true,"href":"https:\/\/wolkevier.ch\/fr\/wp-json\/wp\/v2\/users\/1"}],"replies":[{"embeddable":true,"href":"https:\/\/wolkevier.ch\/fr\/wp-json\/wp\/v2\/comments?post=20910"}],"version-history":[{"count":3,"href":"https:\/\/wolkevier.ch\/fr\/wp-json\/wp\/v2\/pages\/20910\/revisions"}],"predecessor-version":[{"id":20919,"href":"https:\/\/wolkevier.ch\/fr\/wp-json\/wp\/v2\/pages\/20910\/revisions\/20919"}],"wp:attachment":[{"href":"https:\/\/wolkevier.ch\/fr\/wp-json\/wp\/v2\/media?parent=20910"}],"curies":[{"name":"wp","href":"https:\/\/api.w.org\/{rel}","templated":true}]}}