{"id":20904,"date":"2024-10-12T09:35:30","date_gmt":"2024-10-12T09:35:30","guid":{"rendered":"https:\/\/wolkevier.ch\/impronta\/"},"modified":"2024-11-07T14:42:58","modified_gmt":"2024-11-07T14:42:58","slug":"impronta","status":"publish","type":"page","link":"https:\/\/wolkevier.ch\/it\/impronta\/","title":{"rendered":"Impronta"},"content":{"rendered":"\t\t<div data-elementor-type=\"wp-page\" data-elementor-id=\"20904\" class=\"elementor elementor-20904\" data-elementor-post-type=\"page\">\n\t\t\t\t<div class=\"wd-negative-gap elementor-element elementor-element-86b0ac2 wd-section-stretch bgsizeclassgoeshere e-flex e-con-boxed e-con e-parent\" data-id=\"86b0ac2\" data-element_type=\"container\" data-e-type=\"container\" data-settings=\"{&quot;background_background&quot;:&quot;classic&quot;}\">\n\t\t\t\t\t<div class=\"e-con-inner\">\n\t\t<div class=\"elementor-element elementor-element-e334d76 e-con-full e-flex e-con e-child\" data-id=\"e334d76\" data-element_type=\"container\" data-e-type=\"container\">\n\t\t\t\t<div class=\"elementor-element elementor-element-78e5cda wd-width-100 elementor-widget elementor-widget-wd_title\" data-id=\"78e5cda\" data-element_type=\"widget\" data-e-type=\"widget\" data-widget_type=\"wd_title.default\">\n\t\t\t\t<div class=\"elementor-widget-container\">\n\t\t\t\t\t\t\t\t<link rel=\"stylesheet\" id=\"wd-section-title-css\" href=\"https:\/\/wolkevier.ch\/wp-content\/themes\/woodmart\/css\/parts\/el-section-title.min.css?ver=7.6.0\" type=\"text\/css\" media=\"all\" \/> \t\t\t\t\t<div class=\"title-wrapper set-mb-s reset-last-child wd-title-color-default wd-title-style-default wd-title-size-default text-left\">\n\n\t\t\t\n\t\t\t<div class=\"liner-continer\">\n\t\t\t\t<h4 class=\"woodmart-title-container title wd-fontsize-l\">Impronta<\/h4> \n\t\t\t\t\t\t\t<\/div>\n\n\t\t\t\t\t\t\t<div class=\"title-after_title set-cont-mb-s reset-last-child wd-fontsize-xs\">\n\t\t\t\t\t<h4>Indirizzo di contatto<\/h4><p><br><br><br>wolke 4 ag kreuzgasse 4 3294 B\u00fcren an der Aare Svizzera<\/p><p><br>E<b>-mail:<\/b> booking@wolkevier.ch<b>Rappresentante\/i<\/b><b>autorizzato\/i:<\/b><br> Marco Poffet<b>Partita<\/b><b>IVA:<\/b> CHE-162.103.827<\/p><h4>Esclusione di responsabilit\u00e0<\/h4><p>L'autore non si assume alcuna responsabilit\u00e0 in merito alla correttezza, all'accuratezza, all'aggiornamento, all'affidabilit\u00e0 e alla completezza delle informazioni.<\/p><p>Sono escluse le richieste di responsabilit\u00e0 nei confronti dell'autore per danni di natura materiale o immateriale derivanti dall'accesso, dall'uso o dal mancato uso delle informazioni pubblicate, dall'uso improprio della connessione o da guasti tecnici.<\/p><p>Tutte le offerte non sono vincolanti. L'autore si riserva espressamente il diritto di modificare, integrare o cancellare parti delle pagine o l'intera offerta senza alcun preavviso o di interrompere la pubblicazione in modo temporaneo o permanente. <\/p><h4>Disclaimer per i link<\/h4><p>I riferimenti e i link a siti web di terzi non rientrano nella nostra sfera di responsabilit\u00e0. Si declina ogni responsabilit\u00e0 per tali siti web. L'accesso e l'utilizzo di tali siti web \u00e8 a rischio dell'utente.  <\/p><h4>Diritti d'autore<\/h4><p>Il copyright e tutti gli altri diritti relativi a contenuti, immagini, foto o altri file presenti in questo sito web appartengono esclusivamente <b>a wolke 4 ag<\/b> o ai titolari dei diritti specificatamente indicati. Per la riproduzione di qualsiasi elemento \u00e8 necessario ottenere preventivamente il consenso scritto del titolare del copyright. <\/p><p>Fonte: <a href=\"https:\/\/www.swissanwalt.ch\/\" target=\"_blank\" rel=\"noreferrer noopener\">SwissAnwalt<\/a><\/p>\t\t\t\t<\/div>\n\t\t\t\t\t<\/div>\n\t\t\t\t\t\t<\/div>\n\t\t\t\t<\/div>\n\t\t\t\t<\/div>\n\t\t\t\t\t<\/div>\n\t\t\t\t<\/div>\n\t\t\t\t<\/div>\n\t\t","protected":false},"excerpt":{"rendered":"<p>Impronta Indirizzo di contatto wolke 4 ag kreuzgasse 4 3294 B\u00fcren an der Aare Svizzera E-mail: booking@wolkevier.chRappresentante\/iautorizzato\/i: Marco PoffetPartitaIVA: CHE-162.103.827<\/p>\n","protected":false},"author":1,"featured_media":0,"parent":0,"menu_order":0,"comment_status":"closed","ping_status":"closed","template":"","meta":{"_acf_changed":false,"footnotes":""},"class_list":["post-20904","page","type-page","status-publish","hentry"],"acf":[],"_links":{"self":[{"href":"https:\/\/wolkevier.ch\/it\/wp-json\/wp\/v2\/pages\/20904","targetHints":{"allow":["GET"]}}],"collection":[{"href":"https:\/\/wolkevier.ch\/it\/wp-json\/wp\/v2\/pages"}],"about":[{"href":"https:\/\/wolkevier.ch\/it\/wp-json\/wp\/v2\/types\/page"}],"author":[{"embeddable":true,"href":"https:\/\/wolkevier.ch\/it\/wp-json\/wp\/v2\/users\/1"}],"replies":[{"embeddable":true,"href":"https:\/\/wolkevier.ch\/it\/wp-json\/wp\/v2\/comments?post=20904"}],"version-history":[{"count":4,"href":"https:\/\/wolkevier.ch\/it\/wp-json\/wp\/v2\/pages\/20904\/revisions"}],"predecessor-version":[{"id":21065,"href":"https:\/\/wolkevier.ch\/it\/wp-json\/wp\/v2\/pages\/20904\/revisions\/21065"}],"wp:attachment":[{"href":"https:\/\/wolkevier.ch\/it\/wp-json\/wp\/v2\/media?parent=20904"}],"curies":[{"name":"wp","href":"https:\/\/api.w.org\/{rel}","templated":true}]}}