{"id":20930,"date":"2024-10-12T09:27:30","date_gmt":"2024-10-12T09:27:30","guid":{"rendered":"https:\/\/wolkevier.ch\/gtc\/"},"modified":"2025-06-23T11:16:29","modified_gmt":"2025-06-23T11:16:29","slug":"gtc","status":"publish","type":"page","link":"https:\/\/wolkevier.ch\/it\/gtc\/","title":{"rendered":"GTC"},"content":{"rendered":"\t\t<div data-elementor-type=\"wp-page\" data-elementor-id=\"20930\" class=\"elementor elementor-20930\" data-elementor-post-type=\"page\">\n\t\t\t\t<div class=\"wd-negative-gap elementor-element elementor-element-86b0ac2 wd-section-stretch bgsizeclassgoeshere e-flex e-con-boxed e-con e-parent\" data-id=\"86b0ac2\" data-element_type=\"container\" data-e-type=\"container\" data-settings=\"{&quot;background_background&quot;:&quot;classic&quot;}\">\n\t\t\t\t\t<div class=\"e-con-inner\">\n\t\t<div class=\"elementor-element elementor-element-e334d76 e-con-full e-flex e-con e-child\" data-id=\"e334d76\" data-element_type=\"container\" data-e-type=\"container\">\n\t\t\t\t<div class=\"elementor-element elementor-element-78e5cda wd-width-100 elementor-widget elementor-widget-wd_title\" data-id=\"78e5cda\" data-element_type=\"widget\" data-e-type=\"widget\" data-widget_type=\"wd_title.default\">\n\t\t\t\t<div class=\"elementor-widget-container\">\n\t\t\t\t\t\t\t\t<link rel=\"stylesheet\" id=\"wd-section-title-css\" href=\"https:\/\/wolkevier.ch\/wp-content\/themes\/woodmart\/css\/parts\/el-section-title.min.css?ver=7.6.0\" type=\"text\/css\" media=\"all\" \/> \t\t\t\t\t<div class=\"title-wrapper set-mb-s reset-last-child wd-title-color-default wd-title-style-default wd-title-size-default text-left\">\n\n\t\t\t\n\t\t\t<div class=\"liner-continer\">\n\t\t\t\t<h4 class=\"woodmart-title-container title wd-fontsize-l\">Termini e condizioni generali (AGB)<\/h4> \n\t\t\t\t\t\t\t<\/div>\n\n\t\t\t\t\t\t\t<div class=\"title-after_title set-cont-mb-s reset-last-child wd-fontsize-xs\">\n\t\t\t\t\t<h3>Generale<\/h3><h4>1. ambito di applicazione<\/h4><p>Le presenti Condizioni Generali (di seguito denominate CGC) si applicano alla fornitura di camere e a tutti gli altri servizi e consegne associati da parte di wolke4 AG (di seguito denominata Guesthouse wolke4) ai clienti. Tutte le offerte fatte dalla Guesthouse wolke4 si basano sulle seguenti CGC. Esse costituiscono parte integrante di ogni contratto. Nel caso in cui le presenti CGV siano in contrasto con le condizioni contrattuali di un cliente, le presenti CGV avranno la precedenza.   <\/p><h4>2. conclusione del contratto<\/h4><p>Dopo la prenotazione da parte del cliente, quest'ultimo ricever\u00e0 una conferma scritta della prenotazione da parte della Guesthouse wolke4. Il contratto tra le parti entrer\u00e0 in vigore solo con la conferma scritta della prenotazione da parte della Guesthouse wolke4 al cliente. <\/p><h4>3. servizi, pagamenti e prezzi<\/h4><p>Guesthouse wolke4 si impegna a fornire i servizi ordinati dal cliente e confermati per iscritto da Guesthouse wolke4.<\/p><p>Tutti i prezzi sono espressi in franchi svizzeri (CHF) e includono l'imposta sul valore aggiunto (IVA) prevista dalla legge.<\/p><p>La tassa di soggiorno di CHF 2,00 per ospite e notte non \u00e8 inclusa nel prezzo e sar\u00e0 indicata separatamente sulla fattura.<\/p><p>Guesthouse wolke4 avr\u00e0 il diritto di richiedere l'intero costo come acconto. Se il cliente non adempie all'obbligo di pagare l'acconto nei tempi previsti, Guesthouse wolke4 avr\u00e0 il diritto di recedere dal contratto dopo aver fissato un ragionevole periodo di tolleranza. Il cliente sar\u00e0 responsabile nei confronti di Guesthouse wolke4 per qualsiasi danno che ne derivi.  <\/p><p>Se la Guesthouse wolke4 non richiede alcun deposito, l'intero importo della fattura deve essere pagato dal cliente tramite Visa, V Pay, Mastercard, Maestro, American Express, Apple Pay, Twint o in contanti al pi\u00f9 tardi al momento dell'arrivo. Se viene concordato il pagamento tramite fattura, l'intero importo della fattura deve essere pagato entro 5 giorni dalla data della fattura. In caso di ritardo nel pagamento, la Guesthouse wolke4 avr\u00e0 il diritto di addebitare gli interessi di mora al tasso del 5% e un rimborso spese \/ sollecito di almeno CHF 50,00 per ogni sollecito.   <\/p><p>La Guesthouse wolke4 si riserva espressamente il diritto di modificare i prezzi.<\/p><h4>4. responsabilit\u00e0<\/h4><p>Il cliente sar\u00e0 responsabile nei confronti di Guesthouse wolke4 per tutti i danni e le perdite o altri danni causati da lui stesso, dai suoi dipendenti, dai suoi rappresentanti autorizzati o dai partecipanti all'evento o da altre terze parti. Guesthouse wolke4 non si assume alcuna responsabilit\u00e0 per il furto o il danneggiamento di oggetti portati dal cliente da parte di partecipanti all'evento o di terzi. L'assicurazione degli oggetti della mostra e degli altri oggetti portati dal cliente, dai partecipanti all'evento o da terzi \u00e8 a carico del cliente. Guesthouse wolke4 pu\u00f2 richiedere al cliente la prova di un'assicurazione adeguata in qualsiasi momento.   <\/p><p>Il cliente \u00e8 tenuto a mantenere la pace e l'ordine. Si impegna a risarcire integralmente Guesthouse Wolke4 da tutte le richieste di risarcimento civile e di diritto pubblico avanzate nei confronti di Guesthouse Wolke4 da parte delle autorit\u00e0 o di terzi (compresi i partecipanti all'evento, gli ospiti o i dipendenti e i partner contrattuali del cliente) e a pagare per tutte queste richieste. <\/p><p>Guesthouse wolke4 sar\u00e0 responsabile solo per danni contrattuali o extracontrattuali intenzionali o gravemente negligenti e solo per danni diretti. \u00c8 esclusa qualsiasi altra responsabilit\u00e0, in particolare per negligenza lieve o media o per danni indiretti, come ad esempio la perdita di profitto o l'invio o la ricezione di un codice di accesso errato. <\/p><h2>5. fumare<\/h2><p>La Guesthouse Wolke 4 si trova in un edificio storico. \u00c8 severamente vietato fumare in tutte le camere e alle finestre. In caso di inosservanza, addebiteremo un importo forfettario di CHF 350,00 sulla tua carta di credito o ti fattureremo la rimozione delle emissioni odorose. Eventuali emissioni di odori, ecc. che richiedano la chiusura delle camere, saranno addebitate interamente all'ospite in base alla tariffa giornaliera e alla tariffa della camera.   <\/p><h4>6. cancellazione della Guesthouse wolke4<\/h4><p>Se il servizio che Guesthouse wolke4 deve fornire ai sensi del contratto \u00e8 reso significativamente pi\u00f9 difficile o impossibile in tutto o in parte a causa di forza maggiore o di altre circostanze per le quali Guesthouse wolke4 non \u00e8 responsabile, Guesthouse wolke4 pu\u00f2 recedere dal contratto in tutto o in parte senza alcun compenso nella misura della parte del contratto non ancora soddisfatta.<br>Guesthouse wolke4 avr\u00e0 inoltre il diritto di recedere senza indennizzo nel caso in cui vi sia una ragionevole causa di credere che gli eventi possano compromettere il regolare svolgimento dell'attivit\u00e0, la sicurezza o la reputazione pubblica di Guesthouse wolke4 o nel caso in cui il cliente violi la clausola 12 delle presenti CGC. Guesthouse wolke4 si riserva espressamente il diritto di far valere eventuali richieste di risarcimento danni nei confronti del cliente. <\/p><h4>Camera della pensione<\/h4><h4>7. orari di arrivo e partenza<\/h4><p>Le camere della pensione sono pronte per essere occupate dalle ore 15.00 del giorno di arrivo e devono essere liberate entro le ore 10.30 del giorno di partenza.<\/p><p><u>Subaffitto:<\/u> La camera d \u201calbergo \u00e8 riservata esclusivamente all\u201d ospite registrato e, se del caso, al suo accompagnatore. La cessione della camera a terzi richiede l \u201cautorizzazione scritta dell\u201d hotel. <\/p><h4>8. prenotazioni in blocco \/ assegnazione di stanze<\/h4><p>La Guesthouse wolke4 ricever\u00e0 dal cliente un elenco dei partecipanti con i seguenti dettagli entro 14 giorni prima dell'arrivo:<br>Dopo la scadenza del termine fissato dalla Guesthouse wolke4, le camere ancora disponibili nel rispettivo contingente saranno messe in vendita.<\/p><h4>9. condizioni di cancellazione<\/h4><p>Le seguenti condizioni di cancellazione si applicano alla cancellazione delle prenotazioni, ai no-show e alle partenze anticipate.<\/p><p>Le cancellazioni di prenotazioni di camere individuali devono pervenire alla Guesthouse wolke4 entro 72 ore dalla data di arrivo (entro le 14:00 ora locale). In caso di cancellazione entro 72 ore dalla data di arrivo e in caso di mancata presentazione, il prezzo della camera sar\u00e0 addebitato come da prenotazione. In caso di cancellazione prima delle 72 ore, verr\u00e0 addebitata una tassa amministrativa di almeno 10 CHF in tutti i casi. La Guesthouse si riserva il diritto di stipulare condizioni di cancellazione individuali nel contratto.   <\/p><h4>10. internet<\/h4><p>L'hotel fornisce agli ospiti l'accesso gratuito a Internet (WLAN). L'ospite \u00e8 responsabile dell'utilizzo dei dati di accesso. L'ospite \u00e8 responsabile dell'uso improprio e del comportamento illegale nell'utilizzo di internet.  <\/p><h4>11. Animali<\/h4><p>Gli animali possono essere portati nella pensione solo previo consenso dell'hotel e dietro pagamento di una tariffa speciale di 50 CHF al giorno. Gli ospiti che portano un animale in hotel sono tenuti a custodirlo e sorvegliarlo adeguatamente durante il loro soggiorno o a farlo custodire o sorvegliare da una terza persona idonea a proprie spese. I costi di riparazione di eventuali danni causati dall'animale sono a carico dell'ospite.  <\/p><h4>Legge applicabile\/giurisdizione<\/h4><p>Il contratto sar\u00e0 regolato esclusivamente dalla legge svizzera. Il foro competente \u00e8 il Tribunale Regionale del Giura-Seeland Bernese con sede legale a <em>Bienne<\/em>. L'eventuale invalidit\u00e0 di singole disposizioni delle presenti CGV non pregiudica la validit\u00e0 delle restanti disposizioni. In tal caso, la disposizione non valida sar\u00e0 sostituita da una disposizione analoga ma valida.   <\/p><p>B\u00fcren, ottobre 2023<\/p>\t\t\t\t<\/div>\n\t\t\t\t\t<\/div>\n\t\t\t\t\t\t<\/div>\n\t\t\t\t<\/div>\n\t\t\t\t<\/div>\n\t\t\t\t\t<\/div>\n\t\t\t\t<\/div>\n\t\t\t\t<\/div>\n\t\t","protected":false},"excerpt":{"rendered":"<p>Termini e condizioni generali (AGB) Generale 1. ambito di applicazione Le presenti Condizioni Generali (di seguito denominate CGC) si applicano<\/p>\n","protected":false},"author":1,"featured_media":0,"parent":0,"menu_order":0,"comment_status":"closed","ping_status":"closed","template":"","meta":{"_acf_changed":false,"footnotes":""},"class_list":["post-20930","page","type-page","status-publish","hentry"],"acf":[],"_links":{"self":[{"href":"https:\/\/wolkevier.ch\/it\/wp-json\/wp\/v2\/pages\/20930","targetHints":{"allow":["GET"]}}],"collection":[{"href":"https:\/\/wolkevier.ch\/it\/wp-json\/wp\/v2\/pages"}],"about":[{"href":"https:\/\/wolkevier.ch\/it\/wp-json\/wp\/v2\/types\/page"}],"author":[{"embeddable":true,"href":"https:\/\/wolkevier.ch\/it\/wp-json\/wp\/v2\/users\/1"}],"replies":[{"embeddable":true,"href":"https:\/\/wolkevier.ch\/it\/wp-json\/wp\/v2\/comments?post=20930"}],"version-history":[{"count":4,"href":"https:\/\/wolkevier.ch\/it\/wp-json\/wp\/v2\/pages\/20930\/revisions"}],"predecessor-version":[{"id":21736,"href":"https:\/\/wolkevier.ch\/it\/wp-json\/wp\/v2\/pages\/20930\/revisions\/21736"}],"wp:attachment":[{"href":"https:\/\/wolkevier.ch\/it\/wp-json\/wp\/v2\/media?parent=20930"}],"curies":[{"name":"wp","href":"https:\/\/api.w.org\/{rel}","templated":true}]}}